{"id":13,"date":"2024-08-16T16:34:46","date_gmt":"2024-08-16T14:34:46","guid":{"rendered":"https:\/\/minichefs.ma\/?page_id=13"},"modified":"2024-08-30T20:20:22","modified_gmt":"2024-08-30T18:20:22","slug":"home","status":"publish","type":"page","link":"https:\/\/minichefs.ma\/","title":{"rendered":"home"},"content":{"rendered":"\t\t<div data-elementor-type=\"wp-page\" data-elementor-id=\"13\" class=\"elementor elementor-13\">\n\t\t\t\t\t\t<section class=\"elementor-section elementor-top-section elementor-element elementor-element-90676a6 elementor-section-full_width elementor-section-height-default elementor-section-height-default\" data-id=\"90676a6\" data-element_type=\"section\">\n\t\t\t\t\t\t<div class=\"elementor-container elementor-column-gap-default\">\n\t\t\t\t\t<div class=\"elementor-column elementor-col-50 elementor-top-column elementor-element elementor-element-3464385\" data-id=\"3464385\" data-element_type=\"column\">\n\t\t\t<div class=\"elementor-widget-wrap elementor-element-populated\">\n\t\t\t\t\t\t<div class=\"elementor-element elementor-element-28279f1 elementor-widget elementor-widget-image\" data-id=\"28279f1\" data-element_type=\"widget\" data-widget_type=\"image.default\">\n\t\t\t\t<div class=\"elementor-widget-container\">\n\t\t\t<style>\/*! elementor - v3.23.0 - 05-08-2024 *\/\n.elementor-widget-image{text-align:center}.elementor-widget-image a{display:inline-block}.elementor-widget-image a img[src$=\".svg\"]{width:48px}.elementor-widget-image img{vertical-align:middle;display:inline-block}<\/style>\t\t\t\t\t\t\t\t\t\t<img fetchpriority=\"high\" decoding=\"async\" width=\"1528\" height=\"1519\" src=\"https:\/\/minichefs.ma\/wp-content\/uploads\/2024\/08\/image-jk.jpg\" class=\"attachment-full size-full wp-image-130\" alt=\"\" srcset=\"https:\/\/minichefs.ma\/wp-content\/uploads\/2024\/08\/image-jk.jpg 1528w, https:\/\/minichefs.ma\/wp-content\/uploads\/2024\/08\/image-jk-300x298.jpg 300w, https:\/\/minichefs.ma\/wp-content\/uploads\/2024\/08\/image-jk-1024x1018.jpg 1024w, https:\/\/minichefs.ma\/wp-content\/uploads\/2024\/08\/image-jk-150x150.jpg 150w, https:\/\/minichefs.ma\/wp-content\/uploads\/2024\/08\/image-jk-768x763.jpg 768w\" sizes=\"(max-width: 1528px) 100vw, 1528px\" \/>\t\t\t\t\t\t\t\t\t\t\t\t\t<\/div>\n\t\t\t\t<\/div>\n\t\t\t\t\t<\/div>\n\t\t<\/div>\n\t\t\t\t<div class=\"elementor-column elementor-col-50 elementor-top-column elementor-element elementor-element-a6744f7\" data-id=\"a6744f7\" data-element_type=\"column\" data-settings=\"{&quot;background_background&quot;:&quot;classic&quot;}\">\n\t\t\t<div class=\"elementor-widget-wrap elementor-element-populated\">\n\t\t\t\t\t<div class=\"elementor-background-overlay\"><\/div>\n\t\t\t\t\t\t<div class=\"elementor-element elementor-element-9cb559e elementor-widget elementor-widget-image\" data-id=\"9cb559e\" data-element_type=\"widget\" data-widget_type=\"image.default\">\n\t\t\t\t<div class=\"elementor-widget-container\">\n\t\t\t\t\t\t\t\t\t\t\t\t\t<img decoding=\"async\" width=\"800\" height=\"451\" src=\"https:\/\/minichefs.ma\/wp-content\/uploads\/2024\/08\/zt6rWJTNDPlLkNacebyhU-transformed.png\" class=\"attachment-large size-large wp-image-66\" alt=\"\" srcset=\"https:\/\/minichefs.ma\/wp-content\/uploads\/2024\/08\/zt6rWJTNDPlLkNacebyhU-transformed.png 1008w, https:\/\/minichefs.ma\/wp-content\/uploads\/2024\/08\/zt6rWJTNDPlLkNacebyhU-transformed-300x169.png 300w, https:\/\/minichefs.ma\/wp-content\/uploads\/2024\/08\/zt6rWJTNDPlLkNacebyhU-transformed-768x433.png 768w\" sizes=\"(max-width: 800px) 100vw, 800px\" \/>\t\t\t\t\t\t\t\t\t\t\t\t\t<\/div>\n\t\t\t\t<\/div>\n\t\t\t\t<div class=\"elementor-element elementor-element-7014c48 elementor-hidden-desktop elementor-widget elementor-widget-image\" data-id=\"7014c48\" data-element_type=\"widget\" data-widget_type=\"image.default\">\n\t\t\t\t<div class=\"elementor-widget-container\">\n\t\t\t\t\t\t\t\t\t\t\t\t\t<img decoding=\"async\" width=\"800\" height=\"451\" src=\"https:\/\/minichefs.ma\/wp-content\/uploads\/2024\/08\/zt6rWJTNDPlLkNacebyhU-transformed.png\" class=\"attachment-large size-large wp-image-66\" alt=\"\" srcset=\"https:\/\/minichefs.ma\/wp-content\/uploads\/2024\/08\/zt6rWJTNDPlLkNacebyhU-transformed.png 1008w, https:\/\/minichefs.ma\/wp-content\/uploads\/2024\/08\/zt6rWJTNDPlLkNacebyhU-transformed-300x169.png 300w, https:\/\/minichefs.ma\/wp-content\/uploads\/2024\/08\/zt6rWJTNDPlLkNacebyhU-transformed-768x433.png 768w\" sizes=\"(max-width: 800px) 100vw, 800px\" \/>\t\t\t\t\t\t\t\t\t\t\t\t\t<\/div>\n\t\t\t\t<\/div>\n\t\t\t\t\t<\/div>\n\t\t<\/div>\n\t\t\t\t\t<\/div>\n\t\t<\/section>\n\t\t\t\t<\/div>\n\t\t","protected":false},"excerpt":{"rendered":"","protected":false},"author":1,"featured_media":0,"parent":0,"menu_order":0,"comment_status":"closed","ping_status":"closed","template":"elementor_canvas","meta":{"footnotes":""},"class_list":["post-13","page","type-page","status-publish","hentry"],"yoast_head":"<!-- This site is optimized with the Yoast SEO plugin v23.2 - https:\/\/yoast.com\/wordpress\/plugins\/seo\/ -->\n<title>Inscrivez-vous \u00e0 l&#039;atelier mini chefs<\/title>\n<meta name=\"description\" content=\"Du 29 au 31 ao\u00fbt, rendez-vous au centre commercial Galeries Marjane Hay Riad pour un moment gourmand et ludique ! Un atelier cuisine sp\u00e9cialement con\u00e7u pour les enfants les attend, o\u00f9 ils pourront s&#039;amuser tout en apprenant \u00e0 pr\u00e9parer de d\u00e9licieuses recettes. Ne manquez pas cette occasion de passer un bon moment ensemble\" \/>\n<meta name=\"robots\" content=\"index, follow, max-snippet:-1, max-image-preview:large, max-video-preview:-1\" \/>\n<link rel=\"canonical\" href=\"https:\/\/minichefs.ma\/\" \/>\n<meta property=\"og:locale\" content=\"fr_FR\" \/>\n<meta property=\"og:type\" content=\"article\" \/>\n<meta property=\"og:title\" content=\"Inscrivez-vous \u00e0 l&#039;atelier mini chefs\" \/>\n<meta property=\"og:description\" content=\"Du 29 au 31 ao\u00fbt, rendez-vous au centre commercial Galeries Marjane Hay Riad pour un moment gourmand et ludique ! Un atelier cuisine sp\u00e9cialement con\u00e7u pour les enfants les attend, o\u00f9 ils pourront s&#039;amuser tout en apprenant \u00e0 pr\u00e9parer de d\u00e9licieuses recettes. Ne manquez pas cette occasion de passer un bon moment ensemble\" \/>\n<meta property=\"og:url\" content=\"https:\/\/minichefs.ma\/\" \/>\n<meta property=\"og:site_name\" content=\"MINI CHEFS\" \/>\n<meta property=\"article:modified_time\" content=\"2024-08-30T18:20:22+00:00\" \/>\n<meta property=\"og:image\" content=\"https:\/\/minichefs.ma\/wp-content\/uploads\/2024\/08\/image-jk.jpg\" \/>\n<meta name=\"twitter:card\" content=\"summary_large_image\" \/>\n<meta name=\"twitter:label1\" content=\"Dur\u00e9e de lecture estim\u00e9e\" \/>\n\t<meta name=\"twitter:data1\" content=\"1 minute\" \/>\n<script type=\"application\/ld+json\" class=\"yoast-schema-graph\">{\"@context\":\"https:\/\/schema.org\",\"@graph\":[{\"@type\":\"WebPage\",\"@id\":\"https:\/\/minichefs.ma\/\",\"url\":\"https:\/\/minichefs.ma\/\",\"name\":\"Inscrivez-vous \u00e0 l'atelier mini chefs\",\"isPartOf\":{\"@id\":\"https:\/\/minichefs.ma\/#website\"},\"primaryImageOfPage\":{\"@id\":\"https:\/\/minichefs.ma\/#primaryimage\"},\"image\":{\"@id\":\"https:\/\/minichefs.ma\/#primaryimage\"},\"thumbnailUrl\":\"https:\/\/minichefs.ma\/wp-content\/uploads\/2024\/08\/image-jk.jpg\",\"datePublished\":\"2024-08-16T14:34:46+00:00\",\"dateModified\":\"2024-08-30T18:20:22+00:00\",\"description\":\"Du 29 au 31 ao\u00fbt, rendez-vous au centre commercial Galeries Marjane Hay Riad pour un moment gourmand et ludique ! Un atelier cuisine sp\u00e9cialement con\u00e7u pour les enfants les attend, o\u00f9 ils pourront s'amuser tout en apprenant \u00e0 pr\u00e9parer de d\u00e9licieuses recettes. Ne manquez pas cette occasion de passer un bon moment ensemble\",\"breadcrumb\":{\"@id\":\"https:\/\/minichefs.ma\/#breadcrumb\"},\"inLanguage\":\"fr-FR\",\"potentialAction\":[{\"@type\":\"ReadAction\",\"target\":[\"https:\/\/minichefs.ma\/\"]}]},{\"@type\":\"ImageObject\",\"inLanguage\":\"fr-FR\",\"@id\":\"https:\/\/minichefs.ma\/#primaryimage\",\"url\":\"https:\/\/minichefs.ma\/wp-content\/uploads\/2024\/08\/image-jk.jpg\",\"contentUrl\":\"https:\/\/minichefs.ma\/wp-content\/uploads\/2024\/08\/image-jk.jpg\",\"width\":1528,\"height\":1519},{\"@type\":\"BreadcrumbList\",\"@id\":\"https:\/\/minichefs.ma\/#breadcrumb\",\"itemListElement\":[{\"@type\":\"ListItem\",\"position\":1,\"name\":\"Accueil\",\"item\":\"https:\/\/minichefs.ma\/\"},{\"@type\":\"ListItem\",\"position\":2,\"name\":\"home\"}]},{\"@type\":\"WebSite\",\"@id\":\"https:\/\/minichefs.ma\/#website\",\"url\":\"https:\/\/minichefs.ma\/\",\"name\":\"MINI CHEFS\",\"description\":\"\",\"potentialAction\":[{\"@type\":\"SearchAction\",\"target\":{\"@type\":\"EntryPoint\",\"urlTemplate\":\"https:\/\/minichefs.ma\/?s={search_term_string}\"},\"query-input\":\"required name=search_term_string\"}],\"inLanguage\":\"fr-FR\"}]}<\/script>\n<!-- \/ Yoast SEO plugin. -->","yoast_head_json":{"title":"Inscrivez-vous \u00e0 l'atelier mini chefs","description":"Du 29 au 31 ao\u00fbt, rendez-vous au centre commercial Galeries Marjane Hay Riad pour un moment gourmand et ludique ! Un atelier cuisine sp\u00e9cialement con\u00e7u pour les enfants les attend, o\u00f9 ils pourront s'amuser tout en apprenant \u00e0 pr\u00e9parer de d\u00e9licieuses recettes. Ne manquez pas cette occasion de passer un bon moment ensemble","robots":{"index":"index","follow":"follow","max-snippet":"max-snippet:-1","max-image-preview":"max-image-preview:large","max-video-preview":"max-video-preview:-1"},"canonical":"https:\/\/minichefs.ma\/","og_locale":"fr_FR","og_type":"article","og_title":"Inscrivez-vous \u00e0 l'atelier mini chefs","og_description":"Du 29 au 31 ao\u00fbt, rendez-vous au centre commercial Galeries Marjane Hay Riad pour un moment gourmand et ludique ! Un atelier cuisine sp\u00e9cialement con\u00e7u pour les enfants les attend, o\u00f9 ils pourront s'amuser tout en apprenant \u00e0 pr\u00e9parer de d\u00e9licieuses recettes. Ne manquez pas cette occasion de passer un bon moment ensemble","og_url":"https:\/\/minichefs.ma\/","og_site_name":"MINI CHEFS","article_modified_time":"2024-08-30T18:20:22+00:00","og_image":[{"url":"https:\/\/minichefs.ma\/wp-content\/uploads\/2024\/08\/image-jk.jpg"}],"twitter_card":"summary_large_image","twitter_misc":{"Dur\u00e9e de lecture estim\u00e9e":"1 minute"},"schema":{"@context":"https:\/\/schema.org","@graph":[{"@type":"WebPage","@id":"https:\/\/minichefs.ma\/","url":"https:\/\/minichefs.ma\/","name":"Inscrivez-vous \u00e0 l'atelier mini chefs","isPartOf":{"@id":"https:\/\/minichefs.ma\/#website"},"primaryImageOfPage":{"@id":"https:\/\/minichefs.ma\/#primaryimage"},"image":{"@id":"https:\/\/minichefs.ma\/#primaryimage"},"thumbnailUrl":"https:\/\/minichefs.ma\/wp-content\/uploads\/2024\/08\/image-jk.jpg","datePublished":"2024-08-16T14:34:46+00:00","dateModified":"2024-08-30T18:20:22+00:00","description":"Du 29 au 31 ao\u00fbt, rendez-vous au centre commercial Galeries Marjane Hay Riad pour un moment gourmand et ludique ! Un atelier cuisine sp\u00e9cialement con\u00e7u pour les enfants les attend, o\u00f9 ils pourront s'amuser tout en apprenant \u00e0 pr\u00e9parer de d\u00e9licieuses recettes. Ne manquez pas cette occasion de passer un bon moment ensemble","breadcrumb":{"@id":"https:\/\/minichefs.ma\/#breadcrumb"},"inLanguage":"fr-FR","potentialAction":[{"@type":"ReadAction","target":["https:\/\/minichefs.ma\/"]}]},{"@type":"ImageObject","inLanguage":"fr-FR","@id":"https:\/\/minichefs.ma\/#primaryimage","url":"https:\/\/minichefs.ma\/wp-content\/uploads\/2024\/08\/image-jk.jpg","contentUrl":"https:\/\/minichefs.ma\/wp-content\/uploads\/2024\/08\/image-jk.jpg","width":1528,"height":1519},{"@type":"BreadcrumbList","@id":"https:\/\/minichefs.ma\/#breadcrumb","itemListElement":[{"@type":"ListItem","position":1,"name":"Accueil","item":"https:\/\/minichefs.ma\/"},{"@type":"ListItem","position":2,"name":"home"}]},{"@type":"WebSite","@id":"https:\/\/minichefs.ma\/#website","url":"https:\/\/minichefs.ma\/","name":"MINI CHEFS","description":"","potentialAction":[{"@type":"SearchAction","target":{"@type":"EntryPoint","urlTemplate":"https:\/\/minichefs.ma\/?s={search_term_string}"},"query-input":"required name=search_term_string"}],"inLanguage":"fr-FR"}]}},"_links":{"self":[{"href":"https:\/\/minichefs.ma\/index.php?rest_route=\/wp\/v2\/pages\/13","targetHints":{"allow":["GET"]}}],"collection":[{"href":"https:\/\/minichefs.ma\/index.php?rest_route=\/wp\/v2\/pages"}],"about":[{"href":"https:\/\/minichefs.ma\/index.php?rest_route=\/wp\/v2\/types\/page"}],"author":[{"embeddable":true,"href":"https:\/\/minichefs.ma\/index.php?rest_route=\/wp\/v2\/users\/1"}],"replies":[{"embeddable":true,"href":"https:\/\/minichefs.ma\/index.php?rest_route=%2Fwp%2Fv2%2Fcomments&post=13"}],"version-history":[{"count":154,"href":"https:\/\/minichefs.ma\/index.php?rest_route=\/wp\/v2\/pages\/13\/revisions"}],"predecessor-version":[{"id":199,"href":"https:\/\/minichefs.ma\/index.php?rest_route=\/wp\/v2\/pages\/13\/revisions\/199"}],"wp:attachment":[{"href":"https:\/\/minichefs.ma\/index.php?rest_route=%2Fwp%2Fv2%2Fmedia&parent=13"}],"curies":[{"name":"wp","href":"https:\/\/api.w.org\/{rel}","templated":true}]}}